{"id":981,"date":"2017-03-07T20:09:15","date_gmt":"2017-03-07T19:09:15","guid":{"rendered":"http:\/\/thefroghelmet.com\/?page_id=981"},"modified":"2017-03-15T19:30:18","modified_gmt":"2017-03-15T18:30:18","slug":"aviso-legal","status":"publish","type":"page","link":"https:\/\/thefroghelmet.com\/en\/aviso-legal\/","title":{"rendered":"Legal"},"content":{"rendered":"<div class=\"wpb-content-wrapper\"><p>[vc_row][vc_column][vc_column_text]<\/p>\n<h3><\/h3>\n<p>En cumplimiento con el deber de informaci\u00f3n recogido en el art\u00edculo 10 de la Ley 34\/2002, de 11 de julio, de Servicios de la Sociedad de la Informaci\u00f3n y del Comercio Electr\u00f3nico, a continuaci\u00f3n se reflejan los siguientes datos: la empresa titular de <a href=\"http:\/\/thefroghelmet.com\" target=\"_blank\">http:\/\/thefroghelmet.com\u00a0<\/a>\u00a0es\u00a0<strong>LARCLAVIS, S.L.U<\/strong> con domicilio en Calle Encarnaci\u00f3n 25, 08012, Barcelona, y con numero de C.I.F. B \u2013 669307114. La direcci\u00f3n de correo electr\u00f3nico de contacto es la siguiente: <a href=\"mailto:info@thefroghelmet.com\" target=\"_blank\">info@thefroghelmet.com<\/a>. Para m\u00e1s formas de contacto acceda a nuestra p\u00e1gina de contacto principal.<\/p>\n<p>El c\u00f3digo fuente, los dise\u00f1os gr\u00e1ficos, la informaci\u00f3n y contenidos que aparecen en esta web est\u00e1n protegidos por derechos de propiedad intelectual e industrial pertenecientes a <strong>LARCLAVIS, S.L.U<\/strong>\u00a0o, en su caso, propiedad de personas y entidades terceras, y no pueden ser utilizados sin autorizaci\u00f3n escrita de <strong>LARCLAVIS, S.L.U<\/strong>\u00a0o de las entidades propietarias.<\/p>\n<p>El usuario \u00fanica y exclusivamente puede utilizar el material que aqu\u00ed aparezca para su uso personal y privado, siempre que respete todos los derechos de propiedad intelectual, propiedad industrial y dem\u00e1s derechos de propiedad, quedando, por tanto, terminantemente prohibida su reproducci\u00f3n o cualquier otro tipo de utilizaci\u00f3n con fines comerciales o para incurrir en actividades il\u00edcitas; su distribuci\u00f3n, difusi\u00f3n, as\u00ed como su modificaci\u00f3n, alteraci\u00f3n, descompilaci\u00f3n o almacenamiento para cualquier finalidad.<\/p>\n<p><strong>LARCLAVIS, S.L.U<\/strong>\u00a0y las entidades propietarias, anteriormente citadas, perseguir\u00e1n el incumplimiento de las anteriores condiciones as\u00ed como cualquier utilizaci\u00f3n indebida de los contenidos presentados ejercitando todas las acciones civiles y penales que le correspondan.<\/p>\n<h3>Uso de cookies<\/h3>\n<p class=\"selectionShareable\">El si\u00adtio web del pres\u00adta\u00addor pue\u00adde uti\u00adli\u00adzar <strong><em>co\u00adokies<\/em><\/strong> (pe\u00adque\u00ad\u00f1os ar\u00adchi\u00advos de tex\u00adto que el ser\u00advi\u00addor en\u00adv\u00eda al or\u00adde\u00adna\u00addor de quien ac\u00adce\u00adde a la p\u00e1\u00adgi\u00adna). Se tra\u00adta de una t\u00e9c\u00adni\u00adca usa\u00adda de ma\u00adne\u00adra ha\u00adbi\u00adtual en Internet pa\u00adra lle\u00advar a ca\u00adbo de\u00adter\u00admi\u00adna\u00addas fun\u00adcio\u00adnes que son con\u00adsi\u00adde\u00adra\u00addas im\u00adpres\u00adcin\u00addi\u00adbles pa\u00adra el co\u00adrrec\u00adto fun\u00adcio\u00adna\u00admien\u00adto y vi\u00adsua\u00adli\u00adza\u00adci\u00f3n del si\u00adtio. Las <em>co\u00adokies<\/em> uti\u00adli\u00adza\u00addas en el si\u00adtio web tie\u00adnen, en to\u00addo ca\u00adso, ca\u00adr\u00e1c\u00adter tem\u00adpo\u00adral con la \u00fani\u00adca fi\u00adna\u00adli\u00addad de ha\u00adcer m\u00e1s efi\u00adcaz su trans\u00admi\u00adsi\u00f3n ul\u00adte\u00adrior y des\u00adapa\u00adre\u00adcen al ter\u00admi\u00adnar la se\u00adsi\u00f3n del usua\u00adrio. En nin\u00adg\u00fan ca\u00adso se uti\u00adli\u00adza\u00adr\u00e1n las <em>co\u00adokies<\/em> pa\u00adra re\u00adco\u00adger in\u00adfor\u00adma\u00adci\u00f3n de ca\u00adr\u00e1c\u00adter per\u00adso\u00adnal.<\/p>\n<p class=\"selectionShareable\">Desde el si\u00adtio web del clien\u00adte es po\u00adsi\u00adble que se re\u00addi\u00adri\u00adja a con\u00adte\u00adni\u00addos de ter\u00adce\u00adros si\u00adtios web. Dado que el pres\u00adta\u00addor no pue\u00adde con\u00adtro\u00adlar siem\u00adpre los con\u00adte\u00adni\u00addos in\u00adtro\u00addu\u00adci\u00addos por los ter\u00adce\u00adros en sus si\u00adtios web, \u00e9s\u00adte no asu\u00adme nin\u00adg\u00fan ti\u00adpo de res\u00adpon\u00adsa\u00adbi\u00adli\u00addad res\u00adpec\u00adto a di\u00adchos con\u00adte\u00adni\u00addos. En to\u00addo ca\u00adso, el pres\u00adta\u00addor se com\u00adpro\u00adme\u00adte a la re\u00adti\u00adra\u00adda in\u00adme\u00addia\u00adta de cual\u00adquier con\u00adte\u00adni\u00addo que pu\u00addie\u00adra con\u00adtra\u00adve\u00adnir la le\u00adgis\u00adla\u00adci\u00f3n na\u00adcio\u00adnal o in\u00adter\u00adna\u00adcio\u00adnal, la mo\u00adral o el or\u00adden p\u00fa\u00adbli\u00adco, pro\u00adce\u00addien\u00addo a la eli\u00admi\u00adna\u00adci\u00f3n de la re\u00addi\u00adrec\u00adci\u00f3n a di\u00adcho si\u00adtio web, po\u00adnien\u00addo en co\u00adno\u00adci\u00admien\u00adto de las au\u00adto\u00adri\u00adda\u00addes com\u00adpe\u00adten\u00adtes el con\u00adte\u00adni\u00addo en cues\u00adti\u00f3n.<\/p>\n<p class=\"selectionShareable\"><strong>* <a href=\"http:\/\/thefroghelmet.com\/politica-de-cookies\" target=\"_blank\">M\u00e1s in\u00adfor\u00adma\u00adci\u00f3n so\u00adbre nues\u00adtra po\u00adl\u00ed\u00adti\u00adca de <em>co\u00adokies aqu\u00ed.<\/em><\/a><\/strong><\/p>\n<h3>Protecci\u00f3n de datos<\/h3>\n<p>LARCLAVIS, S.L.U.\u00a0garantiza a todos los usuarios la m\u00e1xima confidencialidad y privacidad de los datos personales que suministren para registrarse en l\u00ednea de acuerdo con las exigencias legales.<\/p>\n<p>Al facilitarnos sus datos personales a trav\u00e9s del formulario electr\u00f3nico, el usuario consiente el tratamiento de dichos datos por <strong>LARCLAVIS, S.L.U.<\/strong> en los t\u00e9rminos de la presente pol\u00edtica de confidencialidad. Esta pol\u00edtica puede cambiar por lo que recomendamos su consulta peri\u00f3dica. Los datos personales enviados por los usuarios est\u00e1n protegidos y su manipulaci\u00f3n est\u00e1 restringida de acuerdo a la legislaci\u00f3n espa\u00f1ola reflejada en la Ley Org\u00e1nica 15\/1999, de 13 de diciembre, de Protecci\u00f3n de Datos de Car\u00e1cter Personal. En el momento en que un usuario facilita sus datos personales, \u00e9stos son incorporados a nuestra base de datos, utiliz\u00e1ndose \u00fanicamente para el registro de usuario, as\u00ed como para enviar posible informaci\u00f3n referida a la web.<\/p>\n<p>Estos datos est\u00e1n almacenados en un servidor propiedad de y administrado por<strong> LARCLAVIS, S.L.U.<\/strong><\/p>\n<p>LARCLAVIS, S.L.U. asegura la confidencialidad de los datos aportados por nuestros usuarios y garantiza que en ning\u00fan caso ser\u00e1n cedidos ni vendidos a terceras empresas ajenas a nuestro grupo ni utilizados para otro fin que el descrito anteriormente.<\/p>\n<p>De acuerdo con lo establecido con la Ley Org\u00e1nica 15\/1999, de 13 de diciembre, de Protecci\u00f3n de Datos de Car\u00e1cter Personal, el usuario de la web de <strong>LARCLAVIS, S.L.U<\/strong>. podr\u00e1, en todo momento, ejercitar los derechos de acceso, rectificaci\u00f3n, cancelaci\u00f3n y en su caso revocaci\u00f3n del consentimiento para la cesi\u00f3n de sus datos en los t\u00e9rminos previstos en la referida ley y dem\u00e1s normas que se desarrollen. Para ello, el usuario s\u00f3lo deber\u00e1 comunicarlo escribiendo a la direcci\u00f3n de correo electr\u00f3nico<a href=\"mailto::info@thefroghelmet.com\" target=\"_blank\"> info@thefroghelmet.com.<\/a><\/p>\n<p>Los usuarios de la web de<strong> LARCLAVIS, S.L.U.<\/strong> deben realizar un uso l\u00edcito de los servicios que se ofrecen en la web de acuerdo con la legalidad vigente y con nuestros derechos de propiedad y de terceros. Asimismo, los usuarios no deben realizar a trav\u00e9s de nuestros servicios ninguna acci\u00f3n que provoque da\u00f1o o alteraciones de los contenidos (como la introducci\u00f3n de virus inform\u00e1ticos) ni tampoco deben intervenir o alterar el correo electr\u00f3nico de otros usuarios. En caso contrario, <strong>LARCLAVIS, S.L.U.<\/strong> se reserva el derecho a excluir del acceso a nuestra web.<\/p>\n<p>La inscripci\u00f3n como usuario registrado en este website implica el conocimiento y aceptaci\u00f3n explicita de todos los derechos y obligaciones expuestos en esta p\u00e1gina.[\/vc_column_text][\/vc_column][\/vc_row]<\/p>\n<\/div>","protected":false},"excerpt":{"rendered":"<p>[vc_row][vc_column][vc_column_text] En cumplimiento con el deber de informaci\u00f3n recogido en el art\u00edculo 10 de la Ley 34\/2002, de 11 de&#8230;<\/p>\n","protected":false},"author":2,"featured_media":0,"parent":0,"menu_order":0,"comment_status":"closed","ping_status":"closed","template":"","meta":{"_mi_skip_tracking":false,"_monsterinsights_sitenote_active":false,"_monsterinsights_sitenote_note":"","_monsterinsights_sitenote_category":0,"jetpack_post_was_ever_published":false,"footnotes":""},"class_list":["post-981","page","type-page","status-publish","hentry"],"yoast_head":"<!-- This site is optimized with the Yoast SEO plugin v20.8 - https:\/\/yoast.com\/wordpress\/plugins\/seo\/ -->\n<title>Legal - The Frog Helmet<\/title>\n<meta name=\"robots\" content=\"index, follow, max-snippet:-1, max-image-preview:large, max-video-preview:-1\" \/>\n<link rel=\"canonical\" href=\"https:\/\/thefroghelmet.com\/aviso-legal\/\" \/>\n<meta property=\"og:locale\" content=\"en_US\" \/>\n<meta property=\"og:type\" content=\"article\" \/>\n<meta property=\"og:title\" content=\"Legal - The Frog Helmet\" \/>\n<meta property=\"og:description\" content=\"[vc_row][vc_column][vc_column_text] En cumplimiento con el deber de informaci\u00f3n recogido en el art\u00edculo 10 de la Ley 34\/2002, de 11 de...\" \/>\n<meta property=\"og:url\" content=\"https:\/\/thefroghelmet.com\/aviso-legal\/\" \/>\n<meta property=\"og:site_name\" content=\"The Frog Helmet\" \/>\n<meta property=\"article:publisher\" content=\"https:\/\/www.facebook.com\/thefroghelmet\/\" \/>\n<meta property=\"article:modified_time\" content=\"2017-03-15T18:30:18+00:00\" \/>\n<meta property=\"og:image\" content=\"https:\/\/thefroghelmet.com\/wp-content\/uploads\/2018\/05\/Sorpresa-Logo.jpg\" \/>\n\t<meta property=\"og:image:width\" content=\"1134\" \/>\n\t<meta property=\"og:image:height\" content=\"778\" \/>\n\t<meta property=\"og:image:type\" content=\"image\/jpeg\" \/>\n<meta name=\"twitter:card\" content=\"summary_large_image\" \/>\n<meta name=\"twitter:site\" content=\"@TheFrogHelmet\" \/>\n<meta name=\"twitter:label1\" content=\"Est. reading time\" \/>\n\t<meta name=\"twitter:data1\" content=\"12 minutes\" \/>\n<script type=\"application\/ld+json\" class=\"yoast-schema-graph\">{\"@context\":\"https:\/\/schema.org\",\"@graph\":[{\"@type\":\"WebPage\",\"@id\":\"https:\/\/thefroghelmet.com\/aviso-legal\/\",\"url\":\"https:\/\/thefroghelmet.com\/aviso-legal\/\",\"name\":\"Legal - The Frog Helmet\",\"isPartOf\":{\"@id\":\"https:\/\/thefroghelmet.com\/#website\"},\"datePublished\":\"2017-03-07T19:09:15+00:00\",\"dateModified\":\"2017-03-15T18:30:18+00:00\",\"breadcrumb\":{\"@id\":\"https:\/\/thefroghelmet.com\/aviso-legal\/#breadcrumb\"},\"inLanguage\":\"en-US\",\"potentialAction\":[{\"@type\":\"ReadAction\",\"target\":[\"https:\/\/thefroghelmet.com\/aviso-legal\/\"]}]},{\"@type\":\"BreadcrumbList\",\"@id\":\"https:\/\/thefroghelmet.com\/aviso-legal\/#breadcrumb\",\"itemListElement\":[{\"@type\":\"ListItem\",\"position\":1,\"name\":\"Portada\",\"item\":\"https:\/\/thefroghelmet.com\/\"},{\"@type\":\"ListItem\",\"position\":2,\"name\":\"Aviso Legal\"}]},{\"@type\":\"WebSite\",\"@id\":\"https:\/\/thefroghelmet.com\/#website\",\"url\":\"https:\/\/thefroghelmet.com\/\",\"name\":\"The Frog Helmet\",\"description\":\"El Soporte que Estabiliza y Cuida tu Casco\",\"publisher\":{\"@id\":\"https:\/\/thefroghelmet.com\/#organization\"},\"potentialAction\":[{\"@type\":\"SearchAction\",\"target\":{\"@type\":\"EntryPoint\",\"urlTemplate\":\"https:\/\/thefroghelmet.com\/?s={search_term_string}\"},\"query-input\":\"required name=search_term_string\"}],\"inLanguage\":\"en-US\"},{\"@type\":\"Organization\",\"@id\":\"https:\/\/thefroghelmet.com\/#organization\",\"name\":\"LARCLAVIS, S.L.U\",\"url\":\"https:\/\/thefroghelmet.com\/\",\"logo\":{\"@type\":\"ImageObject\",\"inLanguage\":\"en-US\",\"@id\":\"https:\/\/thefroghelmet.com\/#\/schema\/logo\/image\/\",\"url\":\"https:\/\/thefroghelmet.com\/wp-content\/uploads\/2017\/11\/LOGO-OK-20.png\",\"contentUrl\":\"https:\/\/thefroghelmet.com\/wp-content\/uploads\/2017\/11\/LOGO-OK-20.png\",\"width\":2362,\"height\":2362,\"caption\":\"LARCLAVIS, S.L.U\"},\"image\":{\"@id\":\"https:\/\/thefroghelmet.com\/#\/schema\/logo\/image\/\"},\"sameAs\":[\"https:\/\/www.facebook.com\/thefroghelmet\/\",\"https:\/\/twitter.com\/TheFrogHelmet\",\"https:\/\/www.instagram.com\/thefroghelmet\/\",\"https:\/\/www.linkedin.com\/in\/luis-de-arquer-031a45143\/\",\"https:\/\/www.pinterest.es\/thefroghelmet\/\",\"https:\/\/www.youtube.com\/channel\/UC9y7qdVBNq5G0Dwp0mbEqVg\"]}]}<\/script>\n<!-- \/ Yoast SEO plugin. -->","yoast_head_json":{"title":"Legal - The Frog Helmet","robots":{"index":"index","follow":"follow","max-snippet":"max-snippet:-1","max-image-preview":"max-image-preview:large","max-video-preview":"max-video-preview:-1"},"canonical":"https:\/\/thefroghelmet.com\/aviso-legal\/","og_locale":"en_US","og_type":"article","og_title":"Legal - The Frog Helmet","og_description":"[vc_row][vc_column][vc_column_text] En cumplimiento con el deber de informaci\u00f3n recogido en el art\u00edculo 10 de la Ley 34\/2002, de 11 de...","og_url":"https:\/\/thefroghelmet.com\/aviso-legal\/","og_site_name":"The Frog Helmet","article_publisher":"https:\/\/www.facebook.com\/thefroghelmet\/","article_modified_time":"2017-03-15T18:30:18+00:00","og_image":[{"width":1134,"height":778,"url":"https:\/\/thefroghelmet.com\/wp-content\/uploads\/2018\/05\/Sorpresa-Logo.jpg","type":"image\/jpeg"}],"twitter_card":"summary_large_image","twitter_site":"@TheFrogHelmet","twitter_misc":{"Est. reading time":"12 minutes"},"schema":{"@context":"https:\/\/schema.org","@graph":[{"@type":"WebPage","@id":"https:\/\/thefroghelmet.com\/aviso-legal\/","url":"https:\/\/thefroghelmet.com\/aviso-legal\/","name":"Legal - The Frog Helmet","isPartOf":{"@id":"https:\/\/thefroghelmet.com\/#website"},"datePublished":"2017-03-07T19:09:15+00:00","dateModified":"2017-03-15T18:30:18+00:00","breadcrumb":{"@id":"https:\/\/thefroghelmet.com\/aviso-legal\/#breadcrumb"},"inLanguage":"en-US","potentialAction":[{"@type":"ReadAction","target":["https:\/\/thefroghelmet.com\/aviso-legal\/"]}]},{"@type":"BreadcrumbList","@id":"https:\/\/thefroghelmet.com\/aviso-legal\/#breadcrumb","itemListElement":[{"@type":"ListItem","position":1,"name":"Portada","item":"https:\/\/thefroghelmet.com\/"},{"@type":"ListItem","position":2,"name":"Aviso Legal"}]},{"@type":"WebSite","@id":"https:\/\/thefroghelmet.com\/#website","url":"https:\/\/thefroghelmet.com\/","name":"The Frog Helmet","description":"El Soporte que Estabiliza y Cuida tu Casco","publisher":{"@id":"https:\/\/thefroghelmet.com\/#organization"},"potentialAction":[{"@type":"SearchAction","target":{"@type":"EntryPoint","urlTemplate":"https:\/\/thefroghelmet.com\/?s={search_term_string}"},"query-input":"required name=search_term_string"}],"inLanguage":"en-US"},{"@type":"Organization","@id":"https:\/\/thefroghelmet.com\/#organization","name":"LARCLAVIS, S.L.U","url":"https:\/\/thefroghelmet.com\/","logo":{"@type":"ImageObject","inLanguage":"en-US","@id":"https:\/\/thefroghelmet.com\/#\/schema\/logo\/image\/","url":"https:\/\/thefroghelmet.com\/wp-content\/uploads\/2017\/11\/LOGO-OK-20.png","contentUrl":"https:\/\/thefroghelmet.com\/wp-content\/uploads\/2017\/11\/LOGO-OK-20.png","width":2362,"height":2362,"caption":"LARCLAVIS, S.L.U"},"image":{"@id":"https:\/\/thefroghelmet.com\/#\/schema\/logo\/image\/"},"sameAs":["https:\/\/www.facebook.com\/thefroghelmet\/","https:\/\/twitter.com\/TheFrogHelmet","https:\/\/www.instagram.com\/thefroghelmet\/","https:\/\/www.linkedin.com\/in\/luis-de-arquer-031a45143\/","https:\/\/www.pinterest.es\/thefroghelmet\/","https:\/\/www.youtube.com\/channel\/UC9y7qdVBNq5G0Dwp0mbEqVg"]}]}},"jetpack_sharing_enabled":true,"jetpack_shortlink":"https:\/\/wp.me\/P9Symk-fP","_links":{"self":[{"href":"https:\/\/thefroghelmet.com\/en\/wp-json\/wp\/v2\/pages\/981","targetHints":{"allow":["GET"]}}],"collection":[{"href":"https:\/\/thefroghelmet.com\/en\/wp-json\/wp\/v2\/pages"}],"about":[{"href":"https:\/\/thefroghelmet.com\/en\/wp-json\/wp\/v2\/types\/page"}],"author":[{"embeddable":true,"href":"https:\/\/thefroghelmet.com\/en\/wp-json\/wp\/v2\/users\/2"}],"replies":[{"embeddable":true,"href":"https:\/\/thefroghelmet.com\/en\/wp-json\/wp\/v2\/comments?post=981"}],"version-history":[{"count":0,"href":"https:\/\/thefroghelmet.com\/en\/wp-json\/wp\/v2\/pages\/981\/revisions"}],"wp:attachment":[{"href":"https:\/\/thefroghelmet.com\/en\/wp-json\/wp\/v2\/media?parent=981"}],"curies":[{"name":"wp","href":"https:\/\/api.w.org\/{rel}","templated":true}]}}