{"id":2946,"date":"2019-07-20T15:33:23","date_gmt":"2019-07-20T13:33:23","guid":{"rendered":"https:\/\/thefroghelmet.com\/?post_type=product&#038;p=2946"},"modified":"2021-10-26T17:42:09","modified_gmt":"2021-10-26T15:42:09","slug":"smoke-pocket","status":"publish","type":"product","link":"https:\/\/thefroghelmet.com\/en\/shop\/smoke-pocket\/","title":{"rendered":"Pocket Helmet Support &#8211; Smoke"},"content":{"rendered":"<div class=\"wpb-content-wrapper\"><p>[vc_row][vc_column width=&#8221;1\/6&#8243;][vc_single_image image=&#8221;2985&#8243; alignment=&#8221;center&#8221; onclick=&#8221;custom_link&#8221; link=&#8221;https:\/\/thefroghelmet.com\/en\/shop\/blue-blue-pocket-frog\/&#8221;][\/vc_column][vc_column width=&#8221;1\/6&#8243;][vc_single_image image=&#8221;2987&#8243; alignment=&#8221;center&#8221; onclick=&#8221;custom_link&#8221; link=&#8221;https:\/\/thefroghelmet.com\/en\/shop\/smoke-pocket\/&#8221;][\/vc_column][vc_column width=&#8221;1\/6&#8243;][vc_single_image image=&#8221;2983&#8243; alignment=&#8221;center&#8221; onclick=&#8221;custom_link&#8221; link=&#8221;https:\/\/thefroghelmet.com\/en\/shop\/pocket-black\/&#8221;][\/vc_column][vc_column width=&#8221;1\/6&#8243;][vc_single_image image=&#8221;2986&#8243; alignment=&#8221;center&#8221; onclick=&#8221;custom_link&#8221; link=&#8221;https:\/\/thefroghelmet.com\/en\/shop\/snow-pocket\/&#8221;][\/vc_column][vc_column width=&#8221;1\/6&#8243;][vc_single_image image=&#8221;2989&#8243; alignment=&#8221;center&#8221; onclick=&#8221;custom_link&#8221; link=&#8221;https:\/\/thefroghelmet.com\/en\/shop\/pinky-pocket\/&#8221;][\/vc_column][vc_column width=&#8221;1\/6&#8243;][vc_single_image image=&#8221;2990&#8243; alignment=&#8221;center&#8221; onclick=&#8221;custom_link&#8221; link=&#8221;https:\/\/thefroghelmet.com\/en\/shop\/pocket-green\/&#8221;][\/vc_column][\/vc_row]<\/p>\n<\/div>","protected":false},"excerpt":{"rendered":"<div class=\"product_description\">\n<p><b>The Frog Pocket<\/b> is our portable support created especially for those who do not want to attach it to their helmet. A great desktop gadget and a good adventure mate \u2026 is a two-for-one!. Its concave design in tripod shape facilitates a fast positioning of the helmet by its spherical part, preventing it from coming into contact with surfaces that damage its shell, keeping its lining clean and allowing to house comfortably our glasses, keys and gloves.The inside of the gadget is lined with a vinyl dipped in anti-slip resin. <em>(Manufactured in high resistance polyurethane).<\/em><\/p>\n<\/div>\n","protected":false},"featured_media":2987,"comment_status":"closed","ping_status":"closed","template":"","meta":{"_mi_skip_tracking":false,"_monsterinsights_sitenote_active":false,"_monsterinsights_sitenote_note":"","_monsterinsights_sitenote_category":0,"jetpack_post_was_ever_published":false,"jetpack_publicize_message":"","jetpack_is_tweetstorm":false,"jetpack_publicize_feature_enabled":true,"jetpack_social_post_already_shared":true,"jetpack_social_options":{"image_generator_settings":{"template":"highway","enabled":false}}},"product_cat":[46],"product_tag":[],"class_list":["post-2946","product","type-product","status-publish","has-post-thumbnail","hentry","product_cat-the-frog-helmet"],"jetpack_publicize_connections":[],"yoast_head":"<!-- This site is optimized with the Yoast SEO plugin v20.8 - https:\/\/yoast.com\/wordpress\/plugins\/seo\/ -->\n<title>Pocket Helmet Support - Smoke - The Frog Helmet<\/title>\n<meta name=\"robots\" content=\"index, follow, max-snippet:-1, max-image-preview:large, max-video-preview:-1\" \/>\n<link rel=\"canonical\" href=\"https:\/\/thefroghelmet.com\/en\/shop\/smoke-pocket\/\" \/>\n<meta property=\"og:locale\" content=\"en_US\" \/>\n<meta property=\"og:type\" content=\"article\" \/>\n<meta property=\"og:title\" content=\"Pocket Helmet Support - Smoke - The Frog Helmet\" \/>\n<meta property=\"og:description\" content=\"[:es]The Frog &quot;Bolsillo&quot; es el soporte port\u00e1til que no se engancha en el casco. Su dise\u00f1o c\u00f3ncavo en forma de tr\u00edpode forrado por un vinilo anti-deslizante, permite un efectivo posicionamiento del casco por su parte esf\u00e9rica y evita que entre en contacto con superficies que da\u00f1en su calota,\u00a0 permitiendo a su vez mantener el forro del casco limpio y alojar en su interior nuestras gafas, llaves, guantes, etc.[:en]  The Frog Pocket is our portable support created especially for those who do not want to attach it to their helmet. A great desktop gadget and a good adventure mate \u2026 is a two-for-one!. Its concave design in tripod shape facilitates a fast positioning of the helmet by its spherical part, preventing it from coming into contact with surfaces that damage its shell, keeping its lining clean and allowing to house comfortably our glasses, keys and gloves.The inside of the gadget is lined with a vinyl dipped in anti-slip resin. (Manufactured in high resistance polyurethane).  [:]\" \/>\n<meta property=\"og:url\" content=\"https:\/\/thefroghelmet.com\/en\/shop\/smoke-pocket\/\" \/>\n<meta property=\"og:site_name\" content=\"The Frog Helmet\" \/>\n<meta property=\"article:publisher\" content=\"https:\/\/www.facebook.com\/thefroghelmet\/\" \/>\n<meta property=\"article:modified_time\" content=\"2021-10-26T15:42:09+00:00\" \/>\n<meta property=\"og:image\" content=\"https:\/\/thefroghelmet.com\/wp-content\/uploads\/2019\/07\/soporte-casco-the-frog-pocket-gris.jpg\" \/>\n\t<meta property=\"og:image:width\" content=\"600\" \/>\n\t<meta property=\"og:image:height\" content=\"745\" \/>\n\t<meta property=\"og:image:type\" content=\"image\/jpeg\" \/>\n<meta name=\"twitter:card\" content=\"summary_large_image\" \/>\n<meta name=\"twitter:site\" content=\"@TheFrogHelmet\" \/>\n<meta name=\"twitter:label1\" content=\"Est. reading time\" \/>\n\t<meta name=\"twitter:data1\" content=\"1 minute\" \/>\n<script type=\"application\/ld+json\" class=\"yoast-schema-graph\">{\"@context\":\"https:\/\/schema.org\",\"@graph\":[{\"@type\":\"WebPage\",\"@id\":\"https:\/\/thefroghelmet.com\/en\/shop\/smoke-pocket\/\",\"url\":\"https:\/\/thefroghelmet.com\/en\/shop\/smoke-pocket\/\",\"name\":\"Pocket Helmet Support - Smoke - The Frog Helmet\",\"isPartOf\":{\"@id\":\"https:\/\/thefroghelmet.com\/#website\"},\"datePublished\":\"2019-07-20T13:33:23+00:00\",\"dateModified\":\"2021-10-26T15:42:09+00:00\",\"breadcrumb\":{\"@id\":\"https:\/\/thefroghelmet.com\/en\/shop\/smoke-pocket\/#breadcrumb\"},\"inLanguage\":\"en-US\",\"potentialAction\":[{\"@type\":\"ReadAction\",\"target\":[\"https:\/\/thefroghelmet.com\/en\/shop\/smoke-pocket\/\"]}]},{\"@type\":\"BreadcrumbList\",\"@id\":\"https:\/\/thefroghelmet.com\/en\/shop\/smoke-pocket\/#breadcrumb\",\"itemListElement\":[{\"@type\":\"ListItem\",\"position\":1,\"name\":\"Portada\",\"item\":\"https:\/\/thefroghelmet.com\/\"},{\"@type\":\"ListItem\",\"position\":2,\"name\":\"Productos\",\"item\":\"https:\/\/thefroghelmet.com\/shop\/\"},{\"@type\":\"ListItem\",\"position\":3,\"name\":\"Pocket Helmet Support &#8211; Smoke\"}]},{\"@type\":\"WebSite\",\"@id\":\"https:\/\/thefroghelmet.com\/#website\",\"url\":\"https:\/\/thefroghelmet.com\/\",\"name\":\"The Frog Helmet\",\"description\":\"El Soporte que Estabiliza y Cuida tu Casco\",\"publisher\":{\"@id\":\"https:\/\/thefroghelmet.com\/#organization\"},\"potentialAction\":[{\"@type\":\"SearchAction\",\"target\":{\"@type\":\"EntryPoint\",\"urlTemplate\":\"https:\/\/thefroghelmet.com\/?s={search_term_string}\"},\"query-input\":\"required name=search_term_string\"}],\"inLanguage\":\"en-US\"},{\"@type\":\"Organization\",\"@id\":\"https:\/\/thefroghelmet.com\/#organization\",\"name\":\"LARCLAVIS, S.L.U\",\"url\":\"https:\/\/thefroghelmet.com\/\",\"logo\":{\"@type\":\"ImageObject\",\"inLanguage\":\"en-US\",\"@id\":\"https:\/\/thefroghelmet.com\/#\/schema\/logo\/image\/\",\"url\":\"https:\/\/thefroghelmet.com\/wp-content\/uploads\/2017\/11\/LOGO-OK-20.png\",\"contentUrl\":\"https:\/\/thefroghelmet.com\/wp-content\/uploads\/2017\/11\/LOGO-OK-20.png\",\"width\":2362,\"height\":2362,\"caption\":\"LARCLAVIS, S.L.U\"},\"image\":{\"@id\":\"https:\/\/thefroghelmet.com\/#\/schema\/logo\/image\/\"},\"sameAs\":[\"https:\/\/www.facebook.com\/thefroghelmet\/\",\"https:\/\/twitter.com\/TheFrogHelmet\",\"https:\/\/www.instagram.com\/thefroghelmet\/\",\"https:\/\/www.linkedin.com\/in\/luis-de-arquer-031a45143\/\",\"https:\/\/www.pinterest.es\/thefroghelmet\/\",\"https:\/\/www.youtube.com\/channel\/UC9y7qdVBNq5G0Dwp0mbEqVg\"]}]}<\/script>\n<!-- \/ Yoast SEO plugin. -->","yoast_head_json":{"title":"Pocket Helmet Support - Smoke - The Frog Helmet","robots":{"index":"index","follow":"follow","max-snippet":"max-snippet:-1","max-image-preview":"max-image-preview:large","max-video-preview":"max-video-preview:-1"},"canonical":"https:\/\/thefroghelmet.com\/en\/shop\/smoke-pocket\/","og_locale":"en_US","og_type":"article","og_title":"Pocket Helmet Support - Smoke - The Frog Helmet","og_description":"[:es]The Frog \"Bolsillo\" es el soporte port\u00e1til que no se engancha en el casco. Su dise\u00f1o c\u00f3ncavo en forma de tr\u00edpode forrado por un vinilo anti-deslizante, permite un efectivo posicionamiento del casco por su parte esf\u00e9rica y evita que entre en contacto con superficies que da\u00f1en su calota,\u00a0 permitiendo a su vez mantener el forro del casco limpio y alojar en su interior nuestras gafas, llaves, guantes, etc.[:en]  The Frog Pocket is our portable support created especially for those who do not want to attach it to their helmet. A great desktop gadget and a good adventure mate \u2026 is a two-for-one!. Its concave design in tripod shape facilitates a fast positioning of the helmet by its spherical part, preventing it from coming into contact with surfaces that damage its shell, keeping its lining clean and allowing to house comfortably our glasses, keys and gloves.The inside of the gadget is lined with a vinyl dipped in anti-slip resin. (Manufactured in high resistance polyurethane).  [:]","og_url":"https:\/\/thefroghelmet.com\/en\/shop\/smoke-pocket\/","og_site_name":"The Frog Helmet","article_publisher":"https:\/\/www.facebook.com\/thefroghelmet\/","article_modified_time":"2021-10-26T15:42:09+00:00","og_image":[{"width":600,"height":745,"url":"https:\/\/thefroghelmet.com\/wp-content\/uploads\/2019\/07\/soporte-casco-the-frog-pocket-gris.jpg","type":"image\/jpeg"}],"twitter_card":"summary_large_image","twitter_site":"@TheFrogHelmet","twitter_misc":{"Est. reading time":"1 minute"},"schema":{"@context":"https:\/\/schema.org","@graph":[{"@type":"WebPage","@id":"https:\/\/thefroghelmet.com\/en\/shop\/smoke-pocket\/","url":"https:\/\/thefroghelmet.com\/en\/shop\/smoke-pocket\/","name":"Pocket Helmet Support - Smoke - The Frog Helmet","isPartOf":{"@id":"https:\/\/thefroghelmet.com\/#website"},"datePublished":"2019-07-20T13:33:23+00:00","dateModified":"2021-10-26T15:42:09+00:00","breadcrumb":{"@id":"https:\/\/thefroghelmet.com\/en\/shop\/smoke-pocket\/#breadcrumb"},"inLanguage":"en-US","potentialAction":[{"@type":"ReadAction","target":["https:\/\/thefroghelmet.com\/en\/shop\/smoke-pocket\/"]}]},{"@type":"BreadcrumbList","@id":"https:\/\/thefroghelmet.com\/en\/shop\/smoke-pocket\/#breadcrumb","itemListElement":[{"@type":"ListItem","position":1,"name":"Portada","item":"https:\/\/thefroghelmet.com\/"},{"@type":"ListItem","position":2,"name":"Productos","item":"https:\/\/thefroghelmet.com\/shop\/"},{"@type":"ListItem","position":3,"name":"Pocket Helmet Support &#8211; Smoke"}]},{"@type":"WebSite","@id":"https:\/\/thefroghelmet.com\/#website","url":"https:\/\/thefroghelmet.com\/","name":"The Frog Helmet","description":"El Soporte que Estabiliza y Cuida tu Casco","publisher":{"@id":"https:\/\/thefroghelmet.com\/#organization"},"potentialAction":[{"@type":"SearchAction","target":{"@type":"EntryPoint","urlTemplate":"https:\/\/thefroghelmet.com\/?s={search_term_string}"},"query-input":"required name=search_term_string"}],"inLanguage":"en-US"},{"@type":"Organization","@id":"https:\/\/thefroghelmet.com\/#organization","name":"LARCLAVIS, S.L.U","url":"https:\/\/thefroghelmet.com\/","logo":{"@type":"ImageObject","inLanguage":"en-US","@id":"https:\/\/thefroghelmet.com\/#\/schema\/logo\/image\/","url":"https:\/\/thefroghelmet.com\/wp-content\/uploads\/2017\/11\/LOGO-OK-20.png","contentUrl":"https:\/\/thefroghelmet.com\/wp-content\/uploads\/2017\/11\/LOGO-OK-20.png","width":2362,"height":2362,"caption":"LARCLAVIS, S.L.U"},"image":{"@id":"https:\/\/thefroghelmet.com\/#\/schema\/logo\/image\/"},"sameAs":["https:\/\/www.facebook.com\/thefroghelmet\/","https:\/\/twitter.com\/TheFrogHelmet","https:\/\/www.instagram.com\/thefroghelmet\/","https:\/\/www.linkedin.com\/in\/luis-de-arquer-031a45143\/","https:\/\/www.pinterest.es\/thefroghelmet\/","https:\/\/www.youtube.com\/channel\/UC9y7qdVBNq5G0Dwp0mbEqVg"]}]}},"jetpack_sharing_enabled":true,"_links":{"self":[{"href":"https:\/\/thefroghelmet.com\/en\/wp-json\/wp\/v2\/product\/2946","targetHints":{"allow":["GET"]}}],"collection":[{"href":"https:\/\/thefroghelmet.com\/en\/wp-json\/wp\/v2\/product"}],"about":[{"href":"https:\/\/thefroghelmet.com\/en\/wp-json\/wp\/v2\/types\/product"}],"replies":[{"embeddable":true,"href":"https:\/\/thefroghelmet.com\/en\/wp-json\/wp\/v2\/comments?post=2946"}],"wp:featuredmedia":[{"embeddable":true,"href":"https:\/\/thefroghelmet.com\/en\/wp-json\/wp\/v2\/media\/2987"}],"wp:attachment":[{"href":"https:\/\/thefroghelmet.com\/en\/wp-json\/wp\/v2\/media?parent=2946"}],"wp:term":[{"taxonomy":"product_cat","embeddable":true,"href":"https:\/\/thefroghelmet.com\/en\/wp-json\/wp\/v2\/product_cat?post=2946"},{"taxonomy":"product_tag","embeddable":true,"href":"https:\/\/thefroghelmet.com\/en\/wp-json\/wp\/v2\/product_tag?post=2946"}],"curies":[{"name":"wp","href":"https:\/\/api.w.org\/{rel}","templated":true}]}}