{"id":2948,"date":"2019-07-20T15:36:12","date_gmt":"2019-07-20T13:36:12","guid":{"rendered":"https:\/\/thefroghelmet.com\/?post_type=product&#038;p=2948"},"modified":"2020-06-28T22:13:55","modified_gmt":"2020-06-28T20:13:55","slug":"pinky-pocket","status":"publish","type":"product","link":"https:\/\/thefroghelmet.com\/en\/shop\/pinky-pocket\/","title":{"rendered":"Soporte de Bolsillo para casco &#8211; Rosa"},"content":{"rendered":"<div class=\"wpb-content-wrapper\"><p>[vc_row][vc_column width=&#8221;1\/6&#8243;][vc_single_image image=&#8221;2985&#8243; alignment=&#8221;center&#8221; onclick=&#8221;custom_link&#8221; link=&#8221;https:\/\/thefroghelmet.com\/shop\/blue-blue-pocket-frog\/&#8221;][\/vc_column][vc_column width=&#8221;1\/6&#8243;][vc_single_image image=&#8221;2987&#8243; alignment=&#8221;center&#8221; onclick=&#8221;custom_link&#8221; link=&#8221;https:\/\/thefroghelmet.com\/shop\/smoke-pocket\/&#8221;][\/vc_column][vc_column width=&#8221;1\/6&#8243;][vc_single_image image=&#8221;2983&#8243; alignment=&#8221;center&#8221; onclick=&#8221;custom_link&#8221; link=&#8221;https:\/\/thefroghelmet.com\/shop\/pocket-black\/&#8221;][\/vc_column][vc_column width=&#8221;1\/6&#8243;][vc_single_image image=&#8221;2986&#8243; alignment=&#8221;center&#8221; onclick=&#8221;custom_link&#8221; link=&#8221;https:\/\/thefroghelmet.com\/shop\/snow-pocket\/&#8221;][\/vc_column][vc_column width=&#8221;1\/6&#8243;][vc_single_image image=&#8221;2989&#8243; alignment=&#8221;center&#8221; onclick=&#8221;custom_link&#8221; link=&#8221;https:\/\/thefroghelmet.com\/shop\/pinky-pocket\/&#8221;][\/vc_column][vc_column width=&#8221;1\/6&#8243;][vc_single_image image=&#8221;2990&#8243; alignment=&#8221;center&#8221; onclick=&#8221;custom_link&#8221; link=&#8221;https:\/\/thefroghelmet.com\/shop\/pocket-green\/&#8221;][\/vc_column][\/vc_row]<\/p>\n<\/div>","protected":false},"excerpt":{"rendered":"<p><b>The Frog &#8220;Bolsillo&#8221;<\/b> es el soporte port\u00e1til que no se engancha en el casco. Su dise\u00f1o c\u00f3ncavo en forma de tr\u00edpode forrado por un vinilo anti-deslizante, permite un efectivo posicionamiento del casco por su parte esf\u00e9rica y evita que entre en contacto con superficies que da\u00f1en su calota,\u00a0 permitiendo a su vez mantener el forro del casco limpio y alojar en su interior nuestras gafas, llaves, guantes, etc.<\/p>\n","protected":false},"featured_media":2989,"comment_status":"closed","ping_status":"closed","template":"","meta":{"_mi_skip_tracking":false,"_monsterinsights_sitenote_active":false,"_monsterinsights_sitenote_note":"","_monsterinsights_sitenote_category":0,"jetpack_post_was_ever_published":false,"jetpack_publicize_message":"","jetpack_is_tweetstorm":false,"jetpack_publicize_feature_enabled":true,"jetpack_social_post_already_shared":true,"jetpack_social_options":{"image_generator_settings":{"template":"highway","enabled":false}}},"product_cat":[46],"product_tag":[],"class_list":["post-2948","product","type-product","status-publish","has-post-thumbnail","hentry","product_cat-the-frog-helmet"],"jetpack_publicize_connections":[],"yoast_head":"<!-- This site is optimized with the Yoast SEO plugin v20.8 - https:\/\/yoast.com\/wordpress\/plugins\/seo\/ -->\n<title>Soporte de Bolsillo para casco - Rosa - The Frog Helmet<\/title>\n<meta name=\"robots\" content=\"index, follow, max-snippet:-1, max-image-preview:large, max-video-preview:-1\" \/>\n<link rel=\"canonical\" href=\"https:\/\/thefroghelmet.com\/en\/shop\/pinky-pocket\/\" \/>\n<meta property=\"og:locale\" content=\"en_US\" \/>\n<meta property=\"og:type\" content=\"article\" \/>\n<meta property=\"og:title\" content=\"Soporte de Bolsillo para casco - Rosa - The Frog Helmet\" \/>\n<meta property=\"og:description\" content=\"The Frog &quot;Bolsillo&quot; es el soporte port\u00e1til que no se engancha en el casco. Su dise\u00f1o c\u00f3ncavo en forma de tr\u00edpode forrado por un vinilo anti-deslizante, permite un efectivo posicionamiento del casco por su parte esf\u00e9rica y evita que entre en contacto con superficies que da\u00f1en su calota,\u00a0 permitiendo a su vez mantener el forro del casco limpio y alojar en su interior nuestras gafas, llaves, guantes, etc.\" \/>\n<meta property=\"og:url\" content=\"https:\/\/thefroghelmet.com\/en\/shop\/pinky-pocket\/\" \/>\n<meta property=\"og:site_name\" content=\"The Frog Helmet\" \/>\n<meta property=\"article:publisher\" content=\"https:\/\/www.facebook.com\/thefroghelmet\/\" \/>\n<meta property=\"article:modified_time\" content=\"2020-06-28T20:13:55+00:00\" \/>\n<meta property=\"og:image\" content=\"https:\/\/thefroghelmet.com\/wp-content\/uploads\/2019\/07\/soporte-casco-the-frog-pocket-pinky.jpg\" \/>\n\t<meta property=\"og:image:width\" content=\"600\" \/>\n\t<meta property=\"og:image:height\" content=\"745\" \/>\n\t<meta property=\"og:image:type\" content=\"image\/jpeg\" \/>\n<meta name=\"twitter:card\" content=\"summary_large_image\" \/>\n<meta name=\"twitter:site\" content=\"@TheFrogHelmet\" \/>\n<meta name=\"twitter:label1\" content=\"Est. reading time\" \/>\n\t<meta name=\"twitter:data1\" content=\"1 minute\" \/>\n<script type=\"application\/ld+json\" class=\"yoast-schema-graph\">{\"@context\":\"https:\/\/schema.org\",\"@graph\":[{\"@type\":\"WebPage\",\"@id\":\"https:\/\/thefroghelmet.com\/en\/shop\/pinky-pocket\/\",\"url\":\"https:\/\/thefroghelmet.com\/en\/shop\/pinky-pocket\/\",\"name\":\"Soporte de Bolsillo para casco - Rosa - The Frog Helmet\",\"isPartOf\":{\"@id\":\"https:\/\/thefroghelmet.com\/#website\"},\"datePublished\":\"2019-07-20T13:36:12+00:00\",\"dateModified\":\"2020-06-28T20:13:55+00:00\",\"breadcrumb\":{\"@id\":\"https:\/\/thefroghelmet.com\/en\/shop\/pinky-pocket\/#breadcrumb\"},\"inLanguage\":\"en-US\",\"potentialAction\":[{\"@type\":\"ReadAction\",\"target\":[\"https:\/\/thefroghelmet.com\/en\/shop\/pinky-pocket\/\"]}]},{\"@type\":\"BreadcrumbList\",\"@id\":\"https:\/\/thefroghelmet.com\/en\/shop\/pinky-pocket\/#breadcrumb\",\"itemListElement\":[{\"@type\":\"ListItem\",\"position\":1,\"name\":\"Portada\",\"item\":\"https:\/\/thefroghelmet.com\/\"},{\"@type\":\"ListItem\",\"position\":2,\"name\":\"Productos\",\"item\":\"https:\/\/thefroghelmet.com\/shop\/\"},{\"@type\":\"ListItem\",\"position\":3,\"name\":\"Soporte de Bolsillo para casco &#8211; Rosa\"}]},{\"@type\":\"WebSite\",\"@id\":\"https:\/\/thefroghelmet.com\/#website\",\"url\":\"https:\/\/thefroghelmet.com\/\",\"name\":\"The Frog Helmet\",\"description\":\"El Soporte que Estabiliza y Cuida tu Casco\",\"publisher\":{\"@id\":\"https:\/\/thefroghelmet.com\/#organization\"},\"potentialAction\":[{\"@type\":\"SearchAction\",\"target\":{\"@type\":\"EntryPoint\",\"urlTemplate\":\"https:\/\/thefroghelmet.com\/?s={search_term_string}\"},\"query-input\":\"required name=search_term_string\"}],\"inLanguage\":\"en-US\"},{\"@type\":\"Organization\",\"@id\":\"https:\/\/thefroghelmet.com\/#organization\",\"name\":\"LARCLAVIS, S.L.U\",\"url\":\"https:\/\/thefroghelmet.com\/\",\"logo\":{\"@type\":\"ImageObject\",\"inLanguage\":\"en-US\",\"@id\":\"https:\/\/thefroghelmet.com\/#\/schema\/logo\/image\/\",\"url\":\"https:\/\/thefroghelmet.com\/wp-content\/uploads\/2017\/11\/LOGO-OK-20.png\",\"contentUrl\":\"https:\/\/thefroghelmet.com\/wp-content\/uploads\/2017\/11\/LOGO-OK-20.png\",\"width\":2362,\"height\":2362,\"caption\":\"LARCLAVIS, S.L.U\"},\"image\":{\"@id\":\"https:\/\/thefroghelmet.com\/#\/schema\/logo\/image\/\"},\"sameAs\":[\"https:\/\/www.facebook.com\/thefroghelmet\/\",\"https:\/\/twitter.com\/TheFrogHelmet\",\"https:\/\/www.instagram.com\/thefroghelmet\/\",\"https:\/\/www.linkedin.com\/in\/luis-de-arquer-031a45143\/\",\"https:\/\/www.pinterest.es\/thefroghelmet\/\",\"https:\/\/www.youtube.com\/channel\/UC9y7qdVBNq5G0Dwp0mbEqVg\"]}]}<\/script>\n<!-- \/ Yoast SEO plugin. -->","yoast_head_json":{"title":"Soporte de Bolsillo para casco - Rosa - The Frog Helmet","robots":{"index":"index","follow":"follow","max-snippet":"max-snippet:-1","max-image-preview":"max-image-preview:large","max-video-preview":"max-video-preview:-1"},"canonical":"https:\/\/thefroghelmet.com\/en\/shop\/pinky-pocket\/","og_locale":"en_US","og_type":"article","og_title":"Soporte de Bolsillo para casco - Rosa - The Frog Helmet","og_description":"The Frog \"Bolsillo\" es el soporte port\u00e1til que no se engancha en el casco. Su dise\u00f1o c\u00f3ncavo en forma de tr\u00edpode forrado por un vinilo anti-deslizante, permite un efectivo posicionamiento del casco por su parte esf\u00e9rica y evita que entre en contacto con superficies que da\u00f1en su calota,\u00a0 permitiendo a su vez mantener el forro del casco limpio y alojar en su interior nuestras gafas, llaves, guantes, etc.","og_url":"https:\/\/thefroghelmet.com\/en\/shop\/pinky-pocket\/","og_site_name":"The Frog Helmet","article_publisher":"https:\/\/www.facebook.com\/thefroghelmet\/","article_modified_time":"2020-06-28T20:13:55+00:00","og_image":[{"width":600,"height":745,"url":"https:\/\/thefroghelmet.com\/wp-content\/uploads\/2019\/07\/soporte-casco-the-frog-pocket-pinky.jpg","type":"image\/jpeg"}],"twitter_card":"summary_large_image","twitter_site":"@TheFrogHelmet","twitter_misc":{"Est. reading time":"1 minute"},"schema":{"@context":"https:\/\/schema.org","@graph":[{"@type":"WebPage","@id":"https:\/\/thefroghelmet.com\/en\/shop\/pinky-pocket\/","url":"https:\/\/thefroghelmet.com\/en\/shop\/pinky-pocket\/","name":"Soporte de Bolsillo para casco - Rosa - The Frog Helmet","isPartOf":{"@id":"https:\/\/thefroghelmet.com\/#website"},"datePublished":"2019-07-20T13:36:12+00:00","dateModified":"2020-06-28T20:13:55+00:00","breadcrumb":{"@id":"https:\/\/thefroghelmet.com\/en\/shop\/pinky-pocket\/#breadcrumb"},"inLanguage":"en-US","potentialAction":[{"@type":"ReadAction","target":["https:\/\/thefroghelmet.com\/en\/shop\/pinky-pocket\/"]}]},{"@type":"BreadcrumbList","@id":"https:\/\/thefroghelmet.com\/en\/shop\/pinky-pocket\/#breadcrumb","itemListElement":[{"@type":"ListItem","position":1,"name":"Portada","item":"https:\/\/thefroghelmet.com\/"},{"@type":"ListItem","position":2,"name":"Productos","item":"https:\/\/thefroghelmet.com\/shop\/"},{"@type":"ListItem","position":3,"name":"Soporte de Bolsillo para casco &#8211; Rosa"}]},{"@type":"WebSite","@id":"https:\/\/thefroghelmet.com\/#website","url":"https:\/\/thefroghelmet.com\/","name":"The Frog Helmet","description":"El Soporte que Estabiliza y Cuida tu Casco","publisher":{"@id":"https:\/\/thefroghelmet.com\/#organization"},"potentialAction":[{"@type":"SearchAction","target":{"@type":"EntryPoint","urlTemplate":"https:\/\/thefroghelmet.com\/?s={search_term_string}"},"query-input":"required name=search_term_string"}],"inLanguage":"en-US"},{"@type":"Organization","@id":"https:\/\/thefroghelmet.com\/#organization","name":"LARCLAVIS, S.L.U","url":"https:\/\/thefroghelmet.com\/","logo":{"@type":"ImageObject","inLanguage":"en-US","@id":"https:\/\/thefroghelmet.com\/#\/schema\/logo\/image\/","url":"https:\/\/thefroghelmet.com\/wp-content\/uploads\/2017\/11\/LOGO-OK-20.png","contentUrl":"https:\/\/thefroghelmet.com\/wp-content\/uploads\/2017\/11\/LOGO-OK-20.png","width":2362,"height":2362,"caption":"LARCLAVIS, S.L.U"},"image":{"@id":"https:\/\/thefroghelmet.com\/#\/schema\/logo\/image\/"},"sameAs":["https:\/\/www.facebook.com\/thefroghelmet\/","https:\/\/twitter.com\/TheFrogHelmet","https:\/\/www.instagram.com\/thefroghelmet\/","https:\/\/www.linkedin.com\/in\/luis-de-arquer-031a45143\/","https:\/\/www.pinterest.es\/thefroghelmet\/","https:\/\/www.youtube.com\/channel\/UC9y7qdVBNq5G0Dwp0mbEqVg"]}]}},"jetpack_sharing_enabled":true,"_links":{"self":[{"href":"https:\/\/thefroghelmet.com\/en\/wp-json\/wp\/v2\/product\/2948","targetHints":{"allow":["GET"]}}],"collection":[{"href":"https:\/\/thefroghelmet.com\/en\/wp-json\/wp\/v2\/product"}],"about":[{"href":"https:\/\/thefroghelmet.com\/en\/wp-json\/wp\/v2\/types\/product"}],"replies":[{"embeddable":true,"href":"https:\/\/thefroghelmet.com\/en\/wp-json\/wp\/v2\/comments?post=2948"}],"wp:featuredmedia":[{"embeddable":true,"href":"https:\/\/thefroghelmet.com\/en\/wp-json\/wp\/v2\/media\/2989"}],"wp:attachment":[{"href":"https:\/\/thefroghelmet.com\/en\/wp-json\/wp\/v2\/media?parent=2948"}],"wp:term":[{"taxonomy":"product_cat","embeddable":true,"href":"https:\/\/thefroghelmet.com\/en\/wp-json\/wp\/v2\/product_cat?post=2948"},{"taxonomy":"product_tag","embeddable":true,"href":"https:\/\/thefroghelmet.com\/en\/wp-json\/wp\/v2\/product_tag?post=2948"}],"curies":[{"name":"wp","href":"https:\/\/api.w.org\/{rel}","templated":true}]}}